{"id":6182,"date":"2023-11-01T06:32:28","date_gmt":"2023-11-01T05:32:28","guid":{"rendered":"https:\/\/www.amielpaper.com\/contacta-con-nosotros\/"},"modified":"2024-10-11T08:14:32","modified_gmt":"2024-10-11T06:14:32","slug":"contacta-con-nosotros","status":"publish","type":"page","link":"https:\/\/www.amielpaper.com\/es\/contacta-con-nosotros\/","title":{"rendered":"Contacta con nosotros"},"content":{"rendered":"<div class=\"wpb-content-wrapper\"><p>[vc_row wrap_container=\u00bbyes\u00bb el_class=\u00bbz-index-1 position-relative\u00bb css=\u00bb.vc_custom_1722694801159{margin-top: -70px !important;}\u00bb conditional_render=\u00bb%5B%7B%22value_role%22%3A%22administrator%22%7D%5D\u00bb][vc_column css=\u00bb.vc_custom_1698857997787{padding-top: 70px !important;padding-bottom: 70px !important;background-color: #ffffff !important;}\u00bb conditional_render=\u00bb%5B%7B%22value_role%22%3A%22administrator%22%7D%5D\u00bb el_class=\u00bbpx-lg-5 mb-1&#8243;]<div class=\"porto-ultimate-content-box-container px-lg-3\"><div class=\"porto-ultimate-content-box porto_ucb_e35a9346cd70594d63c013acc42ebe9d\" style=\"\">[vc_custom_heading text=\u00bbEn Amiel Paper, estamos aqu\u00ed para escuchar.<br \/>  Si tienes preguntas sobre nuestros productos, necesitas asesoramiento personal o quieres saber m\u00e1s sobre nuestras soluciones de papel, nuestro equipo est\u00e1 aqu\u00ed para ayudarte. No dudes en ponerte en contacto con nosotros\u00bb font_container=\u00bbtag:p|font_size:1.35em|text_align:center|color:%23121212|line_height:1.7&#8243; use_theme_fonts=\u00bbyes\u00bb css=\u00bb\u00bb letter_spacing=\u00bb0&#8243; el_class=\u00bbpb-1 mb-4 mb-lg-2 mb-xl-4&#8243;]<\/div><\/div>[vc_empty_space]<div class=\"porto-sicon-box  wpb_custom_25d4a6b645477889e92f41f2225e47f4 style_1 default-icon\"><div class=\"porto-sicon-default\"><div class=\"porto-just-icon-wrapper porto-icon circle\" style=\"color:#ffffff;background:var(--porto-primary-color);font-size:14px;\"><i class=\"fas fa-map-marker-alt\"><\/i><\/div><\/div><div class=\"porto-sicon-header\"><p class=\"porto-sicon-title\" style=\"\">Direcci\u00f3n : 13 Bis Rue du Vieux Moulin - 30320 Bezouce<\/p><\/div> <!-- header --><\/div><!-- porto-sicon-box --><div class=\"porto-sicon-box  wpb_custom_25d4a6b645477889e92f41f2225e47f4 style_1 default-icon\"><div class=\"porto-sicon-default\"><div class=\"porto-just-icon-wrapper porto-icon circle\" style=\"color:#ffffff;background:var(--porto-primary-color);font-size:14px;\"><i class=\"fas fa-phone\"><\/i><\/div><\/div><div class=\"porto-sicon-header\"><p class=\"porto-sicon-title\" style=\"\">Tel\u00e9fono: 06 20 27 08 54<\/p><\/div> <!-- header --><\/div><!-- porto-sicon-box --><div class=\"porto-sicon-box  wpb_custom_25d4a6b645477889e92f41f2225e47f4 style_1 default-icon\"><div class=\"porto-sicon-default\"><div class=\"porto-just-icon-wrapper porto-icon circle\" style=\"color:#ffffff;background:var(--porto-primary-color);font-size:14px;\"><i class=\"fas fa-envelope\"><\/i><\/div><\/div><div class=\"porto-sicon-header\"><p class=\"porto-sicon-title\" style=\"\">Correo electr\u00f3nico: florent@amielpaper.com<\/p><\/div> <!-- header --><\/div><!-- porto-sicon-box -->[vc_empty_space][vc_row_inner][vc_column_inner][vc_custom_heading text=\u00bbRellena el siguiente formulario y nuestro equipo se pondr\u00e1 en contacto contigo lo antes posible.\u00bb font_container=\u00bbtag:p|font_size:1.8em|text_align:center|color:%23121212|line_height:42px\u00bb use_theme_fonts=\u00bbyes\u00bb css=\u00bb\u00bb font_weight=\u00bb700&#8243; letter_spacing=\u00bb-0.05em\u00bb el_class=\u00bbmb-3&#8243;]<div class=\"wpb_custom_e1c70cdd53df572142dfb3787b50a162\">[contact-form-7 id=\"406\" title=\"\"]<\/div>[\/vc_column_inner][\/vc_row_inner][\/vc_column][\/vc_row]<\/p>\n<\/div>","protected":false},"excerpt":{"rendered":"<p>[vc_row wrap_container=\u00bbyes\u00bb el_class=\u00bbz-index-1 position-relative\u00bb css=\u00bb.vc_custom_1722694801159{margin-top: -70px !important;}\u00bb conditional_render=\u00bb%5B%7B%22value_role%22%3A%22administrator%22%7D%5D\u00bb][vc_column css=\u00bb.vc_custom_1698857997787{padding-top: 70px !important;padding-bottom: 70px !important;background-color: #ffffff !important;}\u00bb conditional_render=\u00bb%5B%7B%22value_role%22%3A%22administrator%22%7D%5D\u00bb el_class=\u00bbpx-lg-5 mb-1&#8243;][vc_empty_space][vc_empty_space][vc_row_inner][vc_column_inner][vc_custom_heading text=\u00bbRellena el siguiente formulario y nuestro equipo se pondr\u00e1 en contacto contigo lo antes posible.\u00bb font_container=\u00bbtag:p|font_size:1.8em|text_align:center|color:%23121212|line_height:42px\u00bb use_theme_fonts=\u00bbyes\u00bb css=\u00bb\u00bb font_weight=\u00bb700&#8243; letter_spacing=\u00bb-0.05em\u00bb el_class=\u00bbmb-3&#8243;][\/vc_column_inner][\/vc_row_inner][\/vc_column][\/vc_row]<\/p>\n","protected":false},"author":1,"featured_media":0,"parent":0,"menu_order":0,"comment_status":"closed","ping_status":"closed","template":"","meta":{"footnotes":""},"class_list":["post-6182","page","type-page","status-publish","hentry"],"yoast_head":"<!-- This site is optimized with the Yoast SEO plugin v26.3 - https:\/\/yoast.com\/wordpress\/plugins\/seo\/ -->\n<title>Contacta con nosotros - AMIELPAPER<\/title>\n<meta name=\"robots\" content=\"index, follow, max-snippet:-1, max-image-preview:large, max-video-preview:-1\" \/>\n<link rel=\"canonical\" href=\"https:\/\/www.amielpaper.com\/es\/contacta-con-nosotros\/\" \/>\n<script type=\"application\/ld+json\" class=\"yoast-schema-graph\">{\"@context\":\"https:\/\/schema.org\",\"@graph\":[{\"@type\":\"WebPage\",\"@id\":\"https:\/\/www.amielpaper.com\/es\/contacta-con-nosotros\/\",\"url\":\"https:\/\/www.amielpaper.com\/es\/contacta-con-nosotros\/\",\"name\":\"Contacta con nosotros - AMIELPAPER\",\"isPartOf\":{\"@id\":\"https:\/\/www.amielpaper.com\/es\/#website\"},\"datePublished\":\"2023-11-01T05:32:28+00:00\",\"dateModified\":\"2024-10-11T06:14:32+00:00\",\"breadcrumb\":{\"@id\":\"https:\/\/www.amielpaper.com\/es\/contacta-con-nosotros\/#breadcrumb\"},\"inLanguage\":\"es\",\"potentialAction\":[{\"@type\":\"ReadAction\",\"target\":[\"https:\/\/www.amielpaper.com\/es\/contacta-con-nosotros\/\"]}]},{\"@type\":\"BreadcrumbList\",\"@id\":\"https:\/\/www.amielpaper.com\/es\/contacta-con-nosotros\/#breadcrumb\",\"itemListElement\":[{\"@type\":\"ListItem\",\"position\":1,\"name\":\"Accueil\",\"item\":\"https:\/\/www.amielpaper.com\/es\/\"},{\"@type\":\"ListItem\",\"position\":2,\"name\":\"Contacta con nosotros\"}]},{\"@type\":\"WebSite\",\"@id\":\"https:\/\/www.amielpaper.com\/es\/#website\",\"url\":\"https:\/\/www.amielpaper.com\/es\/\",\"name\":\"amielpaper\",\"description\":\"Caler, prot\u00e9ger et palettiser c&#039;est notre m\u00e9tier\",\"publisher\":{\"@id\":\"https:\/\/www.amielpaper.com\/es\/#organization\"},\"alternateName\":\"amielpaper\",\"potentialAction\":[{\"@type\":\"SearchAction\",\"target\":{\"@type\":\"EntryPoint\",\"urlTemplate\":\"https:\/\/www.amielpaper.com\/es\/?s={search_term_string}\"},\"query-input\":{\"@type\":\"PropertyValueSpecification\",\"valueRequired\":true,\"valueName\":\"search_term_string\"}}],\"inLanguage\":\"es\"},{\"@type\":\"Organization\",\"@id\":\"https:\/\/www.amielpaper.com\/es\/#organization\",\"name\":\"amielpaper\",\"alternateName\":\"amielpaper\",\"url\":\"https:\/\/www.amielpaper.com\/es\/\",\"logo\":{\"@type\":\"ImageObject\",\"inLanguage\":\"es\",\"@id\":\"https:\/\/www.amielpaper.com\/es\/#\/schema\/logo\/image\/\",\"url\":\"https:\/\/www.amielpaper.com\/wp-content\/uploads\/2025\/01\/amielpaper-Logo-1.png\",\"contentUrl\":\"https:\/\/www.amielpaper.com\/wp-content\/uploads\/2025\/01\/amielpaper-Logo-1.png\",\"width\":375,\"height\":375,\"caption\":\"amielpaper\"},\"image\":{\"@id\":\"https:\/\/www.amielpaper.com\/es\/#\/schema\/logo\/image\/\"},\"sameAs\":[\"https:\/\/fr.linkedin.com\/in\/florent-amiel-889274208\"]}]}<\/script>\n<!-- \/ Yoast SEO plugin. -->","yoast_head_json":{"title":"Contacta con nosotros - AMIELPAPER","robots":{"index":"index","follow":"follow","max-snippet":"max-snippet:-1","max-image-preview":"max-image-preview:large","max-video-preview":"max-video-preview:-1"},"canonical":"https:\/\/www.amielpaper.com\/es\/contacta-con-nosotros\/","schema":{"@context":"https:\/\/schema.org","@graph":[{"@type":"WebPage","@id":"https:\/\/www.amielpaper.com\/es\/contacta-con-nosotros\/","url":"https:\/\/www.amielpaper.com\/es\/contacta-con-nosotros\/","name":"Contacta con nosotros - AMIELPAPER","isPartOf":{"@id":"https:\/\/www.amielpaper.com\/es\/#website"},"datePublished":"2023-11-01T05:32:28+00:00","dateModified":"2024-10-11T06:14:32+00:00","breadcrumb":{"@id":"https:\/\/www.amielpaper.com\/es\/contacta-con-nosotros\/#breadcrumb"},"inLanguage":"es","potentialAction":[{"@type":"ReadAction","target":["https:\/\/www.amielpaper.com\/es\/contacta-con-nosotros\/"]}]},{"@type":"BreadcrumbList","@id":"https:\/\/www.amielpaper.com\/es\/contacta-con-nosotros\/#breadcrumb","itemListElement":[{"@type":"ListItem","position":1,"name":"Accueil","item":"https:\/\/www.amielpaper.com\/es\/"},{"@type":"ListItem","position":2,"name":"Contacta con nosotros"}]},{"@type":"WebSite","@id":"https:\/\/www.amielpaper.com\/es\/#website","url":"https:\/\/www.amielpaper.com\/es\/","name":"amielpaper","description":"Caler, prot\u00e9ger et palettiser c&#039;est notre m\u00e9tier","publisher":{"@id":"https:\/\/www.amielpaper.com\/es\/#organization"},"alternateName":"amielpaper","potentialAction":[{"@type":"SearchAction","target":{"@type":"EntryPoint","urlTemplate":"https:\/\/www.amielpaper.com\/es\/?s={search_term_string}"},"query-input":{"@type":"PropertyValueSpecification","valueRequired":true,"valueName":"search_term_string"}}],"inLanguage":"es"},{"@type":"Organization","@id":"https:\/\/www.amielpaper.com\/es\/#organization","name":"amielpaper","alternateName":"amielpaper","url":"https:\/\/www.amielpaper.com\/es\/","logo":{"@type":"ImageObject","inLanguage":"es","@id":"https:\/\/www.amielpaper.com\/es\/#\/schema\/logo\/image\/","url":"https:\/\/www.amielpaper.com\/wp-content\/uploads\/2025\/01\/amielpaper-Logo-1.png","contentUrl":"https:\/\/www.amielpaper.com\/wp-content\/uploads\/2025\/01\/amielpaper-Logo-1.png","width":375,"height":375,"caption":"amielpaper"},"image":{"@id":"https:\/\/www.amielpaper.com\/es\/#\/schema\/logo\/image\/"},"sameAs":["https:\/\/fr.linkedin.com\/in\/florent-amiel-889274208"]}]}},"_links":{"self":[{"href":"https:\/\/www.amielpaper.com\/es\/wp-json\/wp\/v2\/pages\/6182","targetHints":{"allow":["GET"]}}],"collection":[{"href":"https:\/\/www.amielpaper.com\/es\/wp-json\/wp\/v2\/pages"}],"about":[{"href":"https:\/\/www.amielpaper.com\/es\/wp-json\/wp\/v2\/types\/page"}],"author":[{"embeddable":true,"href":"https:\/\/www.amielpaper.com\/es\/wp-json\/wp\/v2\/users\/1"}],"replies":[{"embeddable":true,"href":"https:\/\/www.amielpaper.com\/es\/wp-json\/wp\/v2\/comments?post=6182"}],"version-history":[{"count":4,"href":"https:\/\/www.amielpaper.com\/es\/wp-json\/wp\/v2\/pages\/6182\/revisions"}],"predecessor-version":[{"id":7278,"href":"https:\/\/www.amielpaper.com\/es\/wp-json\/wp\/v2\/pages\/6182\/revisions\/7278"}],"wp:attachment":[{"href":"https:\/\/www.amielpaper.com\/es\/wp-json\/wp\/v2\/media?parent=6182"}],"curies":[{"name":"wp","href":"https:\/\/api.w.org\/{rel}","templated":true}]}}