{"id":6191,"date":"2024-07-28T17:37:04","date_gmt":"2024-07-28T15:37:04","guid":{"rendered":"https:\/\/www.amielpaper.com\/papiers-secteur-avicole-porcin\/"},"modified":"2024-09-23T16:23:02","modified_gmt":"2024-09-23T14:23:02","slug":"papeles-para-el-sector-avicola-y-porcino","status":"publish","type":"page","link":"https:\/\/www.amielpaper.com\/es\/papeles-para-el-sector-avicola-y-porcino\/","title":{"rendered":"Papeles para el Sector Av\u00edcola y Porcino"},"content":{"rendered":"<div class=\"wpb-content-wrapper\"><p>[vc_row wrap_container=\u00bbyes\u00bb particles_effect=\u00bbyes\u00bb particles_hover_effect=\u00bbbubble\u00bb particles_click_effect=\u00bbrepulse\u00bb css=\u00bb.vc_custom_1722498701849{background-color: #ffffff !important;}\u00bb conditional_render=\u00bb%5B%7B%22value_role%22%3A%22administrator%22%7D%5D\u00bb particles_img=\u00bb15&#8243; el_class=\u00bbpy-5&#8243;][vc_column el_id=\u00bbparticles-row\u00bb conditional_render=\u00bb%5B%7B%22value_role%22%3A%22administrator%22%7D%5D\u00bb][vc_custom_heading text=\u00bbOptimizar el Bienestar Animal\u00bb font_container=\u00bbtag:p|font_size:1.2em|text_align:center|color:var(&#8211;porto-primary-color)\u00bb use_theme_fonts=\u00bbyes\u00bb css=\u00bb.vc_custom_1724176955579{margin-bottom: -3px !important;}\u00bb font_weight=\u00bb600&#8243; letter_spacing=\u00bb2.5px\u00bb animation_delay=\u00bb100&#8243; animation_type=\u00bbfadeInUp\u00bb][vc_custom_heading text=\u00bbOfrecemos una gama completa<br \/>\nde papeles para la cr\u00eda\u00bb font_container=\u00bbtag:h2|font_size:2.3em|text_align:center|color:%23000000|line_height:42px\u00bb use_theme_fonts=\u00bbyes\u00bb css=\u00bb.vc_custom_1724176974667{margin-bottom: 0px !important;}\u00bb animation_delay=\u00bb200&#8243; el_class=\u00bbw-max-770 mx-auto mb-5&#8243; animation_type=\u00bbfadeInUp\u00bb][vc_empty_space][vc_custom_heading text=\u00bbCada tipo de papel est\u00e1 dise\u00f1ado para satisfacer las necesidades espec\u00edficas de su ganado. Opte por soluciones innovadoras y ecol\u00f3gicas con nuestros papeles especializados para el sector av\u00edcola y porcino.\u00bb font_container=\u00bbtag:p|font_size:1.1em|text_align:center|color:%23000000&#8243; use_theme_fonts=\u00bbyes\u00bb css=\u00bb.vc_custom_1724176985437{margin-bottom: 0px !important;}\u00bb animation_delay=\u00bb200&#8243; el_class=\u00bbw-max-770 mx-auto mb-5&#8243; animation_type=\u00bbfadeInUp\u00bb][\/vc_column][\/vc_row][vc_row wrap_container=\u00bbyes\u00bb equal_height=\u00bbyes\u00bb css=\u00bb.vc_custom_1722499508788{padding-top: 70px !important;padding-bottom: 50px !important;background-color: #000000 !important;}\u00bb el_class=\u00bbour-features\u00bb conditional_render=\u00bb%5B%7B%22value_role%22%3A%22administrator%22%7D%5D\u00bb][vc_column conditional_render=\u00bb%5B%7B%22value_role%22%3A%22administrator%22%7D%5D\u00bb][vc_row_inner wrap_container=\u00bbyes\u00bb equal_height=\u00bbyes\u00bb][vc_column_inner width=\u00bb1\/3&#8243;][vc_custom_heading text=\u00bbPAPELES SEPARADORES\u00bb font_container=\u00bbtag:h3|font_size:1.8em|text_align:center|color:var(&#8211;porto-primary-color)|line_height:42px\u00bb use_theme_fonts=\u00bbyes\u00bb css=\u00bb.vc_custom_1727101074506{margin-bottom: 0px !important;}\u00bb animation_delay=\u00bb200&#8243; el_class=\u00bbw-max-770 mx-auto mb-5&#8243; animation_type=\u00bbfadeInUp\u00bb]<div class=\"porto-sicon-box  vc_custom_1724177015265  wpb_custom_74c312c6382c672d88415152636ca045 style_1 left-icon\"><div class=\"porto-sicon-body\"><div class=\"porto-sicon-description\" style=\"color:#ffffff;\">\n<p style=\"text-align: justify;\">Nuestros papeles de fondos de cajas son perfectos para el transporte de animales vivos. Protegen las patas de los animales y aseguran su bienestar al absorber desechos y proporcionar una superficie texturizada, garantizando la m\u00e1xima seguridad durante el transporte.<\/p>\n<p><\/div> <!-- description --><\/div><\/div><!-- porto-sicon-box -->[vc_empty_space height=\u00bb25px\u00bb][vc_btn title=\u00bbAprender m\u00e1s\u00bb style=\u00bb3d\u00bb shape=\u00bbsquare\u00bb color=\u00bbwhite\u00bb align=\u00bbcenter\u00bb css=\u00bb.vc_custom_1727101091856{margin-bottom: 0px !important;}\u00bb skin=\u00bbsecondary\u00bb link=\u00bburl:https%3A%2F%2Fwww.amielpaper.com%2Fes%2Fpapeles-para-el-sector-avicola-y-porcino%2Fpapeles-separadores%2F|title:papeles%20separadores\u00bb][\/vc_column_inner][vc_column_inner width=\u00bb1\/3&#8243;][vc_custom_heading text=\u00bbPAPELES DE ARRANQUE\u00bb font_container=\u00bbtag:h3|font_size:1.8em|text_align:center|color:var(&#8211;porto-primary-color)|line_height:42px\u00bb use_theme_fonts=\u00bbyes\u00bb css=\u00bb.vc_custom_1727100995522{margin-bottom: 0px !important;}\u00bb animation_delay=\u00bb200&#8243; el_class=\u00bbw-max-770 mx-auto mb-5&#8243; animation_type=\u00bbfadeInUp\u00bb]<div class=\"porto-sicon-box  vc_custom_1724177038526  wpb_custom_74c312c6382c672d88415152636ca045 style_1 left-icon\"><div class=\"porto-sicon-body\"><div class=\"porto-sicon-description\" style=\"color:#ffffff;\">\n<p style=\"text-align: justify;\">Los papeles de arranque son esenciales para un inicio exitoso de los pollitos. Conducen r\u00e1pidamente a los pollitos hacia la comida y el agua, reduciendo las tasas de mortalidad y problemas como la dermatitis podal. Adem\u00e1s, retienen el calor y mantienen un ambiente saludable para los animales j\u00f3venes.<\/p>\n<p><\/div> <!-- description --><\/div><\/div><!-- porto-sicon-box -->[vc_btn title=\u00bbAprender m\u00e1s\u00bb style=\u00bb3d\u00bb shape=\u00bbsquare\u00bb color=\u00bbwhite\u00bb align=\u00bbcenter\u00bb css=\u00bb.vc_custom_1727101250216{margin-bottom: 0px !important;}\u00bb skin=\u00bbsecondary\u00bb link=\u00bburl:https%3A%2F%2Fwww.amielpaper.com%2Fes%2Fpapeles-para-el-sector-avicola-y-porcino%2Fpapeles-de-arranque%2F|title:Papeles%20de%20arranque\u00bb][\/vc_column_inner][vc_column_inner width=\u00bb1\/3&#8243;][vc_custom_heading text=\u00bbTAPETES BIODEGRADABLES PARA PARTO\u00bb font_container=\u00bbtag:h3|font_size:1.8em|text_align:center|color:var(&#8211;porto-primary-color)|line_height:42px\u00bb use_theme_fonts=\u00bbyes\u00bb css=\u00bb.vc_custom_1724177047995{margin-bottom: 0px !important;}\u00bb animation_delay=\u00bb200&#8243; el_class=\u00bbw-max-770 mx-auto mb-5&#8243; animation_type=\u00bbfadeInUp\u00bb]<div class=\"porto-sicon-box  vc_custom_1724177061847  wpb_custom_74c312c6382c672d88415152636ca045 style_1 left-icon\"><div class=\"porto-sicon-body\"><div class=\"porto-sicon-description\" style=\"color:#ffffff;\">\n<p style=\"text-align: justify;\">Nuestros tapetes biodegradables para parto ofrecen una soluci\u00f3n ecol\u00f3gica para los reci\u00e9n nacidos. Absorben el l\u00edquido amni\u00f3tico, retienen el calor, evitan las \u201cpiernas abiertas\u201d y reducen la necesidad de desinfectantes qu\u00edmicos. Estos tapetes son reciclables, est\u00e1n certificados por el FSC y son f\u00e1ciles de manejar.<\/p>\n<p><\/div> <!-- description --><\/div><\/div><!-- porto-sicon-box -->[vc_btn title=\u00bbAprender m\u00e1s\u00bb style=\u00bb3d\u00bb shape=\u00bbsquare\u00bb color=\u00bbwhite\u00bb align=\u00bbcenter\u00bb css=\u00bb.vc_custom_1727101367946{margin-bottom: 0px !important;}\u00bb skin=\u00bbsecondary\u00bb link=\u00bburl:https%3A%2F%2Fwww.amielpaper.com%2Fes%2Fpapeles-para-el-sector-avicola-y-porcino%2Ftapetes-de-parto-biodegradables%2F|title:Tapetes%20de%20parto%20biodegradables\u00bb][\/vc_column_inner][\/vc_row_inner][vc_empty_space height=\u00bb25px\u00bb][vc_empty_space height=\u00bb25px\u00bb][vc_row_inner wrap_container=\u00bbyes\u00bb equal_height=\u00bbyes\u00bb][vc_column_inner width=\u00bb1\/3&#8243;][vc_custom_heading text=\u00bbBANDEJAS DE ALIMENTACION PARA POLLITOS\u00bb font_container=\u00bbtag:h3|font_size:1.8em|text_align:center|color:var(&#8211;porto-primary-color)|line_height:42px\u00bb use_theme_fonts=\u00bbyes\u00bb css=\u00bb.vc_custom_1727080870941{margin-bottom: 0px !important;}\u00bb animation_delay=\u00bb200&#8243; el_class=\u00bbw-max-770 mx-auto mb-5&#8243; animation_type=\u00bbfadeInUp\u00bb]<div class=\"porto-sicon-box  vc_custom_1727080886428  wpb_custom_74c312c6382c672d88415152636ca045 style_1 left-icon\"><div class=\"porto-sicon-body\"><div class=\"porto-sicon-description\" style=\"color:#ffffff;\">\n<p style=\"text-align: justify;\">Descubre nuestras bandejas de alimentaci\u00f3n ecol\u00f3gicas para pollitos de 1 a 14 d\u00edas. Fabricadas con materiales reciclados, facilitan la b\u00fasqueda de alimento y ofrecen una soluci\u00f3n sostenible y respetuosa con el medio ambiente.<\/p>\n<p><\/div> <!-- description --><\/div><\/div><!-- porto-sicon-box -->[vc_btn title=\u00bbAprender m\u00e1s\u00bb style=\u00bb3d\u00bb shape=\u00bbsquare\u00bb color=\u00bbwhite\u00bb align=\u00bbcenter\u00bb css=\u00bb.vc_custom_1727101380295{margin-bottom: 0px !important;}\u00bb skin=\u00bbsecondary\u00bb link=\u00bburl:https%3A%2F%2Fwww.amielpaper.com%2Fes%2Fpapeles-para-el-sector-avicola-y-porcino%2Fbandejas-de-alimentacion-para-pollitos%2F|title:Bandejas%20de%20alimentaci%C3%B3n%20para%20pollitos\u00bb][\/vc_column_inner][vc_column_inner width=\u00bb1\/3&#8243;][\/vc_column_inner][vc_column_inner width=\u00bb1\/3&#8243;][\/vc_column_inner][\/vc_row_inner][\/vc_column][\/vc_row][vc_row wrap_container=\u00bbyes\u00bb el_class=\u00bbcall-to-action-in-footer\u00bb css=\u00bb.vc_custom_1722362602258{padding-top: 100px !important;padding-bottom: 100px !important;background-color: #f7f7f7 !important;}\u00bb conditional_render=\u00bb%5B%7B%22value_role%22%3A%22administrator%22%7D%5D\u00bb][vc_column css=\u00bb.vc_custom_1722501474043{background-color: var(&#8211;porto-primary-color) !important;}\u00bb conditional_render=\u00bb%5B%7B%22value_role%22%3A%22administrator%22%7D%5D\u00bb][vc_cta h2=\u00bbPara m\u00e1s informaci\u00f3n, no dude en contactarnos.\u00bb h2_font_container=\u00bbtag:p|font_size:25px|text_align:center|color:var(&#8211;porto-primary-color)|line_height:1.5em\u00bb h2_google_fonts=\u00bbfont_family:ABeeZee%3Aregular%2Citalic|font_style:400%20regular%3A400%3Anormal\u00bb txt_align=\u00bbcenter\u00bb shape=\u00bbsquare\u00bb style=\u00bbflat\u00bb color=\u00bbwhite\u00bb add_button=\u00bbright\u00bb btn_title=\u00bbCont\u00e1ctenos\u00bb btn_style=\u00bbmodern\u00bb btn_color=\u00bbprimary\u00bb btn_size=\u00bblg\u00bb btn_align=\u00bbcenter\u00bb btn_skin=\u00bbsecondary\u00bb btn_show_arrow=\u00bbyes\u00bb css=\u00bb.vc_custom_1724178701280{background-color: #f7f7f7 !important;}\u00bb use_custom_fonts_h2=\u00bbtrue\u00bb btn_el_class=\u00bbbtn-call-to-action\u00bb el_class=\u00bbmb-0&#8243; btn_link=\u00bburl:https%3A%2F%2Fwww.amielpaper.com%2Fes%2Fcontacta-con-nosotros%2F|title:Contactez-nous\u00bb]Nuestro compromiso con la calidad y la innovaci\u00f3n se refleja en cada producto que ofrecemos. Al elegir nuestras soluciones de papeles industriales, invierte en productos que no solo mejoran la eficiencia de sus operaciones, sino tambi\u00e9n la salud y el bienestar de sus animales. Explore nuestra gama y descubra c\u00f3mo podemos ayudar a optimizar su cr\u00eda av\u00edcola y porcina con soluciones de papeles industriales de alta calidad.[\/vc_cta][\/vc_column][\/vc_row]<\/p>\n<\/div>","protected":false},"excerpt":{"rendered":"<p>[vc_row wrap_container=\u00bbyes\u00bb particles_effect=\u00bbyes\u00bb particles_hover_effect=\u00bbbubble\u00bb particles_click_effect=\u00bbrepulse\u00bb css=\u00bb.vc_custom_1722498701849{background-color: #ffffff !important;}\u00bb conditional_render=\u00bb%5B%7B%22value_role%22%3A%22administrator%22%7D%5D\u00bb particles_img=\u00bb15&#8243; el_class=\u00bbpy-5&#8243;][vc_column el_id=\u00bbparticles-row\u00bb conditional_render=\u00bb%5B%7B%22value_role%22%3A%22administrator%22%7D%5D\u00bb][vc_custom_heading text=\u00bbOptimizar el Bienestar Animal\u00bb font_container=\u00bbtag:p|font_size:1.2em|text_align:center|color:var(&#8211;porto-primary-color)\u00bb use_theme_fonts=\u00bbyes\u00bb css=\u00bb.vc_custom_1724176955579{margin-bottom: -3px !important;}\u00bb font_weight=\u00bb600&#8243; letter_spacing=\u00bb2.5px\u00bb animation_delay=\u00bb100&#8243; animation_type=\u00bbfadeInUp\u00bb][vc_custom_heading text=\u00bbOfrecemos una gama completa de papeles para la cr\u00eda\u00bb font_container=\u00bbtag:h2|font_size:2.3em|text_align:center|color:%23000000|line_height:42px\u00bb use_theme_fonts=\u00bbyes\u00bb css=\u00bb.vc_custom_1724176974667{margin-bottom: 0px !important;}\u00bb animation_delay=\u00bb200&#8243; el_class=\u00bbw-max-770 mx-auto mb-5&#8243; animation_type=\u00bbfadeInUp\u00bb][vc_empty_space][vc_custom_heading text=\u00bbCada tipo de papel est\u00e1 dise\u00f1ado para satisfacer las necesidades [&hellip;]<\/p>\n","protected":false},"author":1,"featured_media":0,"parent":0,"menu_order":0,"comment_status":"closed","ping_status":"closed","template":"","meta":{"footnotes":""},"class_list":["post-6191","page","type-page","status-publish","hentry"],"yoast_head":"<!-- This site is optimized with the Yoast SEO plugin v26.3 - https:\/\/yoast.com\/wordpress\/plugins\/seo\/ -->\n<title>Papeles para el Sector Av\u00edcola y Porcino - AMIELPAPER<\/title>\n<meta name=\"robots\" content=\"index, follow, max-snippet:-1, max-image-preview:large, max-video-preview:-1\" \/>\n<link rel=\"canonical\" href=\"https:\/\/www.amielpaper.com\/es\/papeles-para-el-sector-avicola-y-porcino\/\" \/>\n<script type=\"application\/ld+json\" class=\"yoast-schema-graph\">{\"@context\":\"https:\/\/schema.org\",\"@graph\":[{\"@type\":\"WebPage\",\"@id\":\"https:\/\/www.amielpaper.com\/es\/papeles-para-el-sector-avicola-y-porcino\/\",\"url\":\"https:\/\/www.amielpaper.com\/es\/papeles-para-el-sector-avicola-y-porcino\/\",\"name\":\"Papeles para el Sector Av\u00edcola y Porcino - AMIELPAPER\",\"isPartOf\":{\"@id\":\"https:\/\/www.amielpaper.com\/es\/#website\"},\"datePublished\":\"2024-07-28T15:37:04+00:00\",\"dateModified\":\"2024-09-23T14:23:02+00:00\",\"breadcrumb\":{\"@id\":\"https:\/\/www.amielpaper.com\/es\/papeles-para-el-sector-avicola-y-porcino\/#breadcrumb\"},\"inLanguage\":\"es\",\"potentialAction\":[{\"@type\":\"ReadAction\",\"target\":[\"https:\/\/www.amielpaper.com\/es\/papeles-para-el-sector-avicola-y-porcino\/\"]}]},{\"@type\":\"BreadcrumbList\",\"@id\":\"https:\/\/www.amielpaper.com\/es\/papeles-para-el-sector-avicola-y-porcino\/#breadcrumb\",\"itemListElement\":[{\"@type\":\"ListItem\",\"position\":1,\"name\":\"Accueil\",\"item\":\"https:\/\/www.amielpaper.com\/es\/\"},{\"@type\":\"ListItem\",\"position\":2,\"name\":\"Papeles para el Sector Av\u00edcola y Porcino\"}]},{\"@type\":\"WebSite\",\"@id\":\"https:\/\/www.amielpaper.com\/es\/#website\",\"url\":\"https:\/\/www.amielpaper.com\/es\/\",\"name\":\"amielpaper\",\"description\":\"Caler, prot\u00e9ger et palettiser c&#039;est notre m\u00e9tier\",\"publisher\":{\"@id\":\"https:\/\/www.amielpaper.com\/es\/#organization\"},\"alternateName\":\"amielpaper\",\"potentialAction\":[{\"@type\":\"SearchAction\",\"target\":{\"@type\":\"EntryPoint\",\"urlTemplate\":\"https:\/\/www.amielpaper.com\/es\/?s={search_term_string}\"},\"query-input\":{\"@type\":\"PropertyValueSpecification\",\"valueRequired\":true,\"valueName\":\"search_term_string\"}}],\"inLanguage\":\"es\"},{\"@type\":\"Organization\",\"@id\":\"https:\/\/www.amielpaper.com\/es\/#organization\",\"name\":\"amielpaper\",\"alternateName\":\"amielpaper\",\"url\":\"https:\/\/www.amielpaper.com\/es\/\",\"logo\":{\"@type\":\"ImageObject\",\"inLanguage\":\"es\",\"@id\":\"https:\/\/www.amielpaper.com\/es\/#\/schema\/logo\/image\/\",\"url\":\"https:\/\/www.amielpaper.com\/wp-content\/uploads\/2025\/01\/amielpaper-Logo-1.png\",\"contentUrl\":\"https:\/\/www.amielpaper.com\/wp-content\/uploads\/2025\/01\/amielpaper-Logo-1.png\",\"width\":375,\"height\":375,\"caption\":\"amielpaper\"},\"image\":{\"@id\":\"https:\/\/www.amielpaper.com\/es\/#\/schema\/logo\/image\/\"},\"sameAs\":[\"https:\/\/fr.linkedin.com\/in\/florent-amiel-889274208\"]}]}<\/script>\n<!-- \/ Yoast SEO plugin. -->","yoast_head_json":{"title":"Papeles para el Sector Av\u00edcola y Porcino - AMIELPAPER","robots":{"index":"index","follow":"follow","max-snippet":"max-snippet:-1","max-image-preview":"max-image-preview:large","max-video-preview":"max-video-preview:-1"},"canonical":"https:\/\/www.amielpaper.com\/es\/papeles-para-el-sector-avicola-y-porcino\/","schema":{"@context":"https:\/\/schema.org","@graph":[{"@type":"WebPage","@id":"https:\/\/www.amielpaper.com\/es\/papeles-para-el-sector-avicola-y-porcino\/","url":"https:\/\/www.amielpaper.com\/es\/papeles-para-el-sector-avicola-y-porcino\/","name":"Papeles para el Sector Av\u00edcola y Porcino - AMIELPAPER","isPartOf":{"@id":"https:\/\/www.amielpaper.com\/es\/#website"},"datePublished":"2024-07-28T15:37:04+00:00","dateModified":"2024-09-23T14:23:02+00:00","breadcrumb":{"@id":"https:\/\/www.amielpaper.com\/es\/papeles-para-el-sector-avicola-y-porcino\/#breadcrumb"},"inLanguage":"es","potentialAction":[{"@type":"ReadAction","target":["https:\/\/www.amielpaper.com\/es\/papeles-para-el-sector-avicola-y-porcino\/"]}]},{"@type":"BreadcrumbList","@id":"https:\/\/www.amielpaper.com\/es\/papeles-para-el-sector-avicola-y-porcino\/#breadcrumb","itemListElement":[{"@type":"ListItem","position":1,"name":"Accueil","item":"https:\/\/www.amielpaper.com\/es\/"},{"@type":"ListItem","position":2,"name":"Papeles para el Sector Av\u00edcola y Porcino"}]},{"@type":"WebSite","@id":"https:\/\/www.amielpaper.com\/es\/#website","url":"https:\/\/www.amielpaper.com\/es\/","name":"amielpaper","description":"Caler, prot\u00e9ger et palettiser c&#039;est notre m\u00e9tier","publisher":{"@id":"https:\/\/www.amielpaper.com\/es\/#organization"},"alternateName":"amielpaper","potentialAction":[{"@type":"SearchAction","target":{"@type":"EntryPoint","urlTemplate":"https:\/\/www.amielpaper.com\/es\/?s={search_term_string}"},"query-input":{"@type":"PropertyValueSpecification","valueRequired":true,"valueName":"search_term_string"}}],"inLanguage":"es"},{"@type":"Organization","@id":"https:\/\/www.amielpaper.com\/es\/#organization","name":"amielpaper","alternateName":"amielpaper","url":"https:\/\/www.amielpaper.com\/es\/","logo":{"@type":"ImageObject","inLanguage":"es","@id":"https:\/\/www.amielpaper.com\/es\/#\/schema\/logo\/image\/","url":"https:\/\/www.amielpaper.com\/wp-content\/uploads\/2025\/01\/amielpaper-Logo-1.png","contentUrl":"https:\/\/www.amielpaper.com\/wp-content\/uploads\/2025\/01\/amielpaper-Logo-1.png","width":375,"height":375,"caption":"amielpaper"},"image":{"@id":"https:\/\/www.amielpaper.com\/es\/#\/schema\/logo\/image\/"},"sameAs":["https:\/\/fr.linkedin.com\/in\/florent-amiel-889274208"]}]}},"_links":{"self":[{"href":"https:\/\/www.amielpaper.com\/es\/wp-json\/wp\/v2\/pages\/6191","targetHints":{"allow":["GET"]}}],"collection":[{"href":"https:\/\/www.amielpaper.com\/es\/wp-json\/wp\/v2\/pages"}],"about":[{"href":"https:\/\/www.amielpaper.com\/es\/wp-json\/wp\/v2\/types\/page"}],"author":[{"embeddable":true,"href":"https:\/\/www.amielpaper.com\/es\/wp-json\/wp\/v2\/users\/1"}],"replies":[{"embeddable":true,"href":"https:\/\/www.amielpaper.com\/es\/wp-json\/wp\/v2\/comments?post=6191"}],"version-history":[{"count":13,"href":"https:\/\/www.amielpaper.com\/es\/wp-json\/wp\/v2\/pages\/6191\/revisions"}],"predecessor-version":[{"id":7124,"href":"https:\/\/www.amielpaper.com\/es\/wp-json\/wp\/v2\/pages\/6191\/revisions\/7124"}],"wp:attachment":[{"href":"https:\/\/www.amielpaper.com\/es\/wp-json\/wp\/v2\/media?parent=6191"}],"curies":[{"name":"wp","href":"https:\/\/api.w.org\/{rel}","templated":true}]}}