{"id":6200,"date":"2024-07-28T17:37:26","date_gmt":"2024-07-28T15:37:26","guid":{"rendered":"https:\/\/www.amielpaper.com\/papiers-secteur-avicole-porcin\/papiers-de-demarrage-volailles\/"},"modified":"2024-09-23T16:20:19","modified_gmt":"2024-09-23T14:20:19","slug":"papeles-de-arranque","status":"publish","type":"page","link":"https:\/\/www.amielpaper.com\/es\/papeles-para-el-sector-avicola-y-porcino\/papeles-de-arranque\/","title":{"rendered":"Papeles de arranque"},"content":{"rendered":"<div class=\"wpb-content-wrapper\"><p>[vc_row wrap_container=\u00bbyes\u00bb gap=\u00bb20&#8243; content_placement=\u00bbmiddle\u00bb el_id=\u00bbaboutus\u00bb el_class=\u00bbpy-5 mt-3 mb-5&#8243;][vc_column width=\u00bb1\/3&#8243; offset=\u00bbvc_col-md-3 vc_col-xs-6&#8243; el_class=\u00bbalign-self-start py-0&#8243;][vc_single_image image=\u00bb5937&#8243; img_size=\u00bbfull\u00bb css=\u00bb\u00bb el_class=\u00bbbox-shadow-4 mb-0 custom-img-100&#8243;][\/vc_column][vc_column width=\u00bb1\/3&#8243; offset=\u00bbvc_col-md-3 vc_col-xs-6&#8243; el_class=\u00bbalign-self-start mb-5 mb-lg-0 py-0&#8243;][vc_single_image image=\u00bb5938&#8243; img_size=\u00bbfull\u00bb css=\u00bb\u00bb el_class=\u00bbbox-shadow-4 rounded-0 mb-3 mb-sm-4 custom-img-100&#8243;][vc_single_image image=\u00bb5697&#8243; img_size=\u00bbfull\u00bb css=\u00bb\u00bb el_class=\u00bbbox-shadow-4 mb-0 custom-img-100&#8243;][\/vc_column][vc_column el_class=\u00bbps-xl-5 ps-lg-3 py-0&#8243; offset=\u00bbvc_col-md-6&#8243;][vc_custom_heading text=\u00bbPapeles de arranque\u00bb font_container=\u00bbtag:h2|font_size:16.8px|text_align:center|line_height:21px\u00bb use_theme_fonts=\u00bbyes\u00bb css=\u00bb\u00bb skin=\u00bbprimary\u00bb letter_spacing=\u00bb2.5px\u00bb animation_delay=\u00bb300&#8243; animation_type=\u00bbfadeInUp\u00bb el_class=\u00bbmb-2&#8243;]<div class=\"porto-u-heading mb-4  wpb_custom_fca020d24b2ae9a9daebde8198286387 porto-u-ad87e2eaf3f9c495180fe0156ddf3eb0 \" data-appear-animation=\"fadeInUp\" data-appear-animation-delay=\"500\"><div class=\"porto-u-sub-heading\" style=\"color: #212529;\">\n<p style=\"text-align: center;\">Papeles adaptados a las necesidades de los granjeros<\/p>\n<p><\/div><style>.porto-u-ad87e2eaf3f9c495180fe0156ddf3eb0.porto-u-heading{text-align:left}<\/style><\/div>[vc_custom_heading text=\u00bbNuestros papeles de inicio para aves est\u00e1n dise\u00f1ados para satisfacer las necesidades espec\u00edficas de los granjeros, ofreciendo una protecci\u00f3n \u00f3ptima y un ambiente saludable para los pollitos. Seg\u00fan la duraci\u00f3n y resistencia deseadas, estos papeles pueden estar fabricados con materiales reciclados o fibras v\u00edrgenes, incluyendo kraft, celulosa pura, crep\u00e9 o semi-crep\u00e9.<\/p>\n<p>Esta herramienta esencial facilita un inicio exitoso al guiar a los pollitos m\u00e1s r\u00e1pidamente hacia la comida y el agua, reduciendo as\u00ed la tasa de mortalidad y los problemas de dermatitis en las patas. Adem\u00e1s, nuestros papeles retienen el calor, manteniendo a los pollitos en condiciones ideales para su crecimiento.<\/p>\n<p style=``text-align: left;font-size: 12px !important; border-top: 3px solid #41b93c;``>\n<p><strong>Materiales de calidad<\/strong> : Nuestros papeles de inicio pueden estar hechos de materiales reciclados o fibras v\u00edrgenes, seg\u00fan la duraci\u00f3n y resistencia deseadas. Puede elegir entre varios tipos de papeles: kraft, celulosa pura, crep\u00e9 o semi-crep\u00e9.<br \/>\n<strong>Protecci\u00f3n y confort <\/strong> : Estos papeles retienen el calor, asegurando condiciones ideales para el crecimiento de los pollitos. Tambi\u00e9n ayudan a mantener a los pollitos secos, reduciendo el riesgo de enfermedades y dermatitis en las patas.<br \/>\n<strong>Reducci\u00f3n de la mortalidad<\/strong> : Al guiar a los pollitos m\u00e1s r\u00e1pidamente hacia la comida y el agua, nuestros papeles de inicio contribuyen a reducir la tasa de mortalidad, asegurando una cr\u00eda m\u00e1s eficiente y rentable.<br \/>\n<strong>Ecol\u00f3gico y sostenible<\/strong> : Nuestros papeles son 100% reciclables y biodegradables, respetuosos con el medio ambiente y f\u00e1ciles de eliminar despu\u00e9s de su uso.<br \/>\n<strong>Adaptabilidad<\/strong> : Disponibles en varios gramajes y colores, nuestros papeles se adaptan a todas las exigencias de su cr\u00eda. Est\u00e1n disponibles en formatos a medida y en rollos para una instalaci\u00f3n f\u00e1cil y r\u00e1pida.\u00bb font_container=\u00bbtag:p|font_size:15.4px|text_align:justify|color:%23000000&#8243; use_theme_fonts=\u00bbyes\u00bb css=\u00bb\u00bb animation_delay=\u00bb700&#8243; el_class=\u00bbpb-2 mb-4&#8243; animation_type=\u00bbfadeInUp\u00bb][vc_btn title=\u00bbSolicitud de presupuesto\u00bb shape=\u00bbrounded\u00bb css=\u00bb\u00bb skin=\u00bbprimary\u00bb btn_fs=\u00bb14px\u00bb btn_fw=\u00bb500&#8243; animation_delay=\u00bb900&#8243; link=\u00bburl:https%3A%2F%2Fwww.amielpaper.com%2Fes%2Fcontacta-con-nosotros%2F|title:Contactez-nous\u00bb btn_px=\u00bb28px\u00bb btn_py=\u00bb16px\u00bb animation_type=\u00bbfadeInUp\u00bb el_class=\u00bbmb-0&#8243;][\/vc_column][\/vc_row][vc_row wrap_container=\u00bbyes\u00bb equal_height=\u00bbyes\u00bb content_placement=\u00bbmiddle\u00bb css=\u00bb.vc_custom_1722338080707{background-color: #000000 !important;}\u00bb conditional_render=\u00bb%5B%7B%22value_role%22%3A%22administrator%22%7D%5D\u00bb][vc_column width=\u00bb1\/2&#8243;]<div class=\"porto-u-heading pe-lg-5 me-lg-5  wpb_custom_284ff7600a4922f8b740a39bbff467b3 porto-u-55ca8359258f9a412be7e73af65d2aac \" data-appear-animation=\"fadeIn\" data-appear-animation-delay=\"200\"><div class=\"porto-u-sub-heading\" style=\"color: #ffffff;\">\n<p style=\"text-align: center;\">PAPEL 100% RECICLABLE \u2013 100% BIODEGRADABLE<br \/>\nDISPONIBLE EN VARIOS GRAMAJES Y COLORES<br \/>\nDISPONIBLE EN FORMATOS Y ROLLOS<br \/>\nDIMENSIONES PERSONALIZADAS<\/p>\n<p><\/div><style>.porto-u-55ca8359258f9a412be7e73af65d2aac.porto-u-heading{text-align:center}<\/style><\/div>[\/vc_column][vc_column width=\u00bb1\/2&#8243;]<div class=\"porto-ultimate-content-box-container ms-lg-5 position-relative\"><div class=\"porto-ultimate-content-box has-content-pos justify-content-center porto_ucb_e35a9346cd70594d63c013acc42ebe9d\" style=\"\">[vc_single_image image=\u00bb5172&#8243; img_size=\u00bbfull\u00bb alignment=\u00bbcenter\u00bb style=\u00bbvc_box_shadow\u00bb css=\u00bb\u00bb animation_delay=\u00bb1000&#8243; el_class=\u00bbmb-0 ms-0 ms-lg-5&#8243; animation_type=\u00bbfadeIn\u00bb]<\/div><\/div>[\/vc_column][\/vc_row][vc_row wrap_container=\u00bbyes\u00bb el_class=\u00bbcall-to-action-in-footer\u00bb css=\u00bb.vc_custom_1722337064931{padding-top: 50px !important;padding-bottom: 60px !important;background-color: #ffffff !important;}\u00bb conditional_render=\u00bb%5B%7B%22value_role%22%3A%22administrator%22%7D%5D\u00bb][vc_column css=\u00bb.vc_custom_1722338512479{background-color: var(&#8211;porto-primary-color) !important;}\u00bb conditional_render=\u00bb%5B%7B%22value_role%22%3A%22administrator%22%7D%5D\u00bb][vc_cta h2=\u00bb\u00a1Elija calidad para un inicio exitoso!\u00bb h2_font_container=\u00bbtag:p|font_size:25px|text_align:center|color:var(&#8211;porto-primary-color)|line_height:1.5em\u00bb h2_google_fonts=\u00bbfont_family:ABeeZee%3Aregular%2Citalic|font_style:400%20regular%3A400%3Anormal\u00bb txt_align=\u00bbcenter\u00bb shape=\u00bbsquare\u00bb style=\u00bbflat\u00bb color=\u00bbwhite\u00bb add_button=\u00bbright\u00bb btn_title=\u00bbCont\u00e1ctenos\u00bb btn_style=\u00bbmodern\u00bb btn_color=\u00bbprimary\u00bb btn_size=\u00bblg\u00bb btn_align=\u00bbcenter\u00bb btn_skin=\u00bbprimary\u00bb btn_show_arrow=\u00bbyes\u00bb css=\u00bb.vc_custom_1724350188537{background-color: #f7f7f7 !important;}\u00bb use_custom_fonts_h2=\u00bbtrue\u00bb btn_el_class=\u00bbbtn-call-to-action\u00bb el_class=\u00bbmb-0&#8243; btn_link=\u00bburl:https%3A%2F%2Fwww.amielpaper.com%2Fes%2Fcontacta-con-nosotros%2F|title:Contactez-nous\u00bb]<\/p>\n<p style=\"text-align: justify;\">Nuestros papeles de inicio para aves garantizan un crecimiento \u00f3ptimo y un ambiente saludable para sus pollitos. Cont\u00e1ctenos hoy<\/p>\n<p>[\/vc_cta][\/vc_column][\/vc_row]<\/p>\n<\/div>","protected":false},"excerpt":{"rendered":"<p>[vc_row wrap_container=\u00bbyes\u00bb gap=\u00bb20&#8243; content_placement=\u00bbmiddle\u00bb el_id=\u00bbaboutus\u00bb el_class=\u00bbpy-5 mt-3 mb-5&#8243;][vc_column width=\u00bb1\/3&#8243; offset=\u00bbvc_col-md-3 vc_col-xs-6&#8243; el_class=\u00bbalign-self-start py-0&#8243;][vc_single_image image=\u00bb5937&#8243; img_size=\u00bbfull\u00bb css=\u00bb\u00bb el_class=\u00bbbox-shadow-4 mb-0 custom-img-100&#8243;][\/vc_column][vc_column width=\u00bb1\/3&#8243; offset=\u00bbvc_col-md-3 vc_col-xs-6&#8243; el_class=\u00bbalign-self-start mb-5 mb-lg-0 py-0&#8243;][vc_single_image image=\u00bb5938&#8243; img_size=\u00bbfull\u00bb css=\u00bb\u00bb el_class=\u00bbbox-shadow-4 rounded-0 mb-3 mb-sm-4 custom-img-100&#8243;][vc_single_image image=\u00bb5697&#8243; img_size=\u00bbfull\u00bb css=\u00bb\u00bb el_class=\u00bbbox-shadow-4 mb-0 custom-img-100&#8243;][\/vc_column][vc_column el_class=\u00bbps-xl-5 ps-lg-3 py-0&#8243; offset=\u00bbvc_col-md-6&#8243;][vc_custom_heading text=\u00bbPapeles de arranque\u00bb font_container=\u00bbtag:h2|font_size:16.8px|text_align:center|line_height:21px\u00bb use_theme_fonts=\u00bbyes\u00bb css=\u00bb\u00bb skin=\u00bbprimary\u00bb letter_spacing=\u00bb2.5px\u00bb animation_delay=\u00bb300&#8243; animation_type=\u00bbfadeInUp\u00bb el_class=\u00bbmb-2&#8243;][vc_custom_heading [&hellip;]<\/p>\n","protected":false},"author":1,"featured_media":0,"parent":6191,"menu_order":1,"comment_status":"closed","ping_status":"closed","template":"","meta":{"footnotes":""},"class_list":["post-6200","page","type-page","status-publish","hentry"],"yoast_head":"<!-- This site is optimized with the Yoast SEO plugin v26.3 - https:\/\/yoast.com\/wordpress\/plugins\/seo\/ -->\n<title>Papeles de arranque - AMIELPAPER<\/title>\n<meta name=\"robots\" content=\"index, follow, max-snippet:-1, max-image-preview:large, max-video-preview:-1\" \/>\n<link rel=\"canonical\" href=\"https:\/\/www.amielpaper.com\/es\/papeles-para-el-sector-avicola-y-porcino\/papeles-de-arranque\/\" \/>\n<script type=\"application\/ld+json\" class=\"yoast-schema-graph\">{\"@context\":\"https:\/\/schema.org\",\"@graph\":[{\"@type\":\"WebPage\",\"@id\":\"https:\/\/www.amielpaper.com\/es\/papeles-para-el-sector-avicola-y-porcino\/papeles-de-arranque\/\",\"url\":\"https:\/\/www.amielpaper.com\/es\/papeles-para-el-sector-avicola-y-porcino\/papeles-de-arranque\/\",\"name\":\"Papeles de arranque - AMIELPAPER\",\"isPartOf\":{\"@id\":\"https:\/\/www.amielpaper.com\/es\/#website\"},\"datePublished\":\"2024-07-28T15:37:26+00:00\",\"dateModified\":\"2024-09-23T14:20:19+00:00\",\"breadcrumb\":{\"@id\":\"https:\/\/www.amielpaper.com\/es\/papeles-para-el-sector-avicola-y-porcino\/papeles-de-arranque\/#breadcrumb\"},\"inLanguage\":\"es\",\"potentialAction\":[{\"@type\":\"ReadAction\",\"target\":[\"https:\/\/www.amielpaper.com\/es\/papeles-para-el-sector-avicola-y-porcino\/papeles-de-arranque\/\"]}]},{\"@type\":\"BreadcrumbList\",\"@id\":\"https:\/\/www.amielpaper.com\/es\/papeles-para-el-sector-avicola-y-porcino\/papeles-de-arranque\/#breadcrumb\",\"itemListElement\":[{\"@type\":\"ListItem\",\"position\":1,\"name\":\"Accueil\",\"item\":\"https:\/\/www.amielpaper.com\/es\/\"},{\"@type\":\"ListItem\",\"position\":2,\"name\":\"Papeles para el Sector Av\u00edcola y Porcino\",\"item\":\"https:\/\/www.amielpaper.com\/es\/papeles-para-el-sector-avicola-y-porcino\/\"},{\"@type\":\"ListItem\",\"position\":3,\"name\":\"Papeles de arranque\"}]},{\"@type\":\"WebSite\",\"@id\":\"https:\/\/www.amielpaper.com\/es\/#website\",\"url\":\"https:\/\/www.amielpaper.com\/es\/\",\"name\":\"amielpaper\",\"description\":\"Caler, prot\u00e9ger et palettiser c&#039;est notre m\u00e9tier\",\"publisher\":{\"@id\":\"https:\/\/www.amielpaper.com\/es\/#organization\"},\"alternateName\":\"amielpaper\",\"potentialAction\":[{\"@type\":\"SearchAction\",\"target\":{\"@type\":\"EntryPoint\",\"urlTemplate\":\"https:\/\/www.amielpaper.com\/es\/?s={search_term_string}\"},\"query-input\":{\"@type\":\"PropertyValueSpecification\",\"valueRequired\":true,\"valueName\":\"search_term_string\"}}],\"inLanguage\":\"es\"},{\"@type\":\"Organization\",\"@id\":\"https:\/\/www.amielpaper.com\/es\/#organization\",\"name\":\"amielpaper\",\"alternateName\":\"amielpaper\",\"url\":\"https:\/\/www.amielpaper.com\/es\/\",\"logo\":{\"@type\":\"ImageObject\",\"inLanguage\":\"es\",\"@id\":\"https:\/\/www.amielpaper.com\/es\/#\/schema\/logo\/image\/\",\"url\":\"https:\/\/www.amielpaper.com\/wp-content\/uploads\/2025\/01\/amielpaper-Logo-1.png\",\"contentUrl\":\"https:\/\/www.amielpaper.com\/wp-content\/uploads\/2025\/01\/amielpaper-Logo-1.png\",\"width\":375,\"height\":375,\"caption\":\"amielpaper\"},\"image\":{\"@id\":\"https:\/\/www.amielpaper.com\/es\/#\/schema\/logo\/image\/\"},\"sameAs\":[\"https:\/\/fr.linkedin.com\/in\/florent-amiel-889274208\"]}]}<\/script>\n<!-- \/ Yoast SEO plugin. -->","yoast_head_json":{"title":"Papeles de arranque - AMIELPAPER","robots":{"index":"index","follow":"follow","max-snippet":"max-snippet:-1","max-image-preview":"max-image-preview:large","max-video-preview":"max-video-preview:-1"},"canonical":"https:\/\/www.amielpaper.com\/es\/papeles-para-el-sector-avicola-y-porcino\/papeles-de-arranque\/","schema":{"@context":"https:\/\/schema.org","@graph":[{"@type":"WebPage","@id":"https:\/\/www.amielpaper.com\/es\/papeles-para-el-sector-avicola-y-porcino\/papeles-de-arranque\/","url":"https:\/\/www.amielpaper.com\/es\/papeles-para-el-sector-avicola-y-porcino\/papeles-de-arranque\/","name":"Papeles de arranque - AMIELPAPER","isPartOf":{"@id":"https:\/\/www.amielpaper.com\/es\/#website"},"datePublished":"2024-07-28T15:37:26+00:00","dateModified":"2024-09-23T14:20:19+00:00","breadcrumb":{"@id":"https:\/\/www.amielpaper.com\/es\/papeles-para-el-sector-avicola-y-porcino\/papeles-de-arranque\/#breadcrumb"},"inLanguage":"es","potentialAction":[{"@type":"ReadAction","target":["https:\/\/www.amielpaper.com\/es\/papeles-para-el-sector-avicola-y-porcino\/papeles-de-arranque\/"]}]},{"@type":"BreadcrumbList","@id":"https:\/\/www.amielpaper.com\/es\/papeles-para-el-sector-avicola-y-porcino\/papeles-de-arranque\/#breadcrumb","itemListElement":[{"@type":"ListItem","position":1,"name":"Accueil","item":"https:\/\/www.amielpaper.com\/es\/"},{"@type":"ListItem","position":2,"name":"Papeles para el Sector Av\u00edcola y Porcino","item":"https:\/\/www.amielpaper.com\/es\/papeles-para-el-sector-avicola-y-porcino\/"},{"@type":"ListItem","position":3,"name":"Papeles de arranque"}]},{"@type":"WebSite","@id":"https:\/\/www.amielpaper.com\/es\/#website","url":"https:\/\/www.amielpaper.com\/es\/","name":"amielpaper","description":"Caler, prot\u00e9ger et palettiser c&#039;est notre m\u00e9tier","publisher":{"@id":"https:\/\/www.amielpaper.com\/es\/#organization"},"alternateName":"amielpaper","potentialAction":[{"@type":"SearchAction","target":{"@type":"EntryPoint","urlTemplate":"https:\/\/www.amielpaper.com\/es\/?s={search_term_string}"},"query-input":{"@type":"PropertyValueSpecification","valueRequired":true,"valueName":"search_term_string"}}],"inLanguage":"es"},{"@type":"Organization","@id":"https:\/\/www.amielpaper.com\/es\/#organization","name":"amielpaper","alternateName":"amielpaper","url":"https:\/\/www.amielpaper.com\/es\/","logo":{"@type":"ImageObject","inLanguage":"es","@id":"https:\/\/www.amielpaper.com\/es\/#\/schema\/logo\/image\/","url":"https:\/\/www.amielpaper.com\/wp-content\/uploads\/2025\/01\/amielpaper-Logo-1.png","contentUrl":"https:\/\/www.amielpaper.com\/wp-content\/uploads\/2025\/01\/amielpaper-Logo-1.png","width":375,"height":375,"caption":"amielpaper"},"image":{"@id":"https:\/\/www.amielpaper.com\/es\/#\/schema\/logo\/image\/"},"sameAs":["https:\/\/fr.linkedin.com\/in\/florent-amiel-889274208"]}]}},"_links":{"self":[{"href":"https:\/\/www.amielpaper.com\/es\/wp-json\/wp\/v2\/pages\/6200","targetHints":{"allow":["GET"]}}],"collection":[{"href":"https:\/\/www.amielpaper.com\/es\/wp-json\/wp\/v2\/pages"}],"about":[{"href":"https:\/\/www.amielpaper.com\/es\/wp-json\/wp\/v2\/types\/page"}],"author":[{"embeddable":true,"href":"https:\/\/www.amielpaper.com\/es\/wp-json\/wp\/v2\/users\/1"}],"replies":[{"embeddable":true,"href":"https:\/\/www.amielpaper.com\/es\/wp-json\/wp\/v2\/comments?post=6200"}],"version-history":[{"count":7,"href":"https:\/\/www.amielpaper.com\/es\/wp-json\/wp\/v2\/pages\/6200\/revisions"}],"predecessor-version":[{"id":7117,"href":"https:\/\/www.amielpaper.com\/es\/wp-json\/wp\/v2\/pages\/6200\/revisions\/7117"}],"up":[{"embeddable":true,"href":"https:\/\/www.amielpaper.com\/es\/wp-json\/wp\/v2\/pages\/6191"}],"wp:attachment":[{"href":"https:\/\/www.amielpaper.com\/es\/wp-json\/wp\/v2\/media?parent=6200"}],"curies":[{"name":"wp","href":"https:\/\/api.w.org\/{rel}","templated":true}]}}